{"id":397,"date":"2025-12-13T11:19:46","date_gmt":"2025-12-13T11:19:46","guid":{"rendered":"http:\/\/fiastudyabroad.com\/contact\/"},"modified":"2025-12-28T11:43:54","modified_gmt":"2025-12-28T11:43:54","slug":"contact","status":"publish","type":"page","link":"https:\/\/fiastudyabroad.com\/es\/contact\/","title":{"rendered":"Contacto"},"content":{"rendered":"<div data-elementor-type=\"wp-page\" data-elementor-id=\"397\" class=\"elementor elementor-397\">\n\t\t\t\t<div class=\"elementor-element elementor-element-c69cc7d e-flex e-con-boxed e-con e-parent\" data-id=\"c69cc7d\" data-element_type=\"container\">\n\t\t\t\t\t<div class=\"e-con-inner\">\n\t\t\t\t<div class=\"elementor-element elementor-element-e762d3a elementor-widget elementor-widget-heading\" data-id=\"e762d3a\" data-element_type=\"widget\" data-widget_type=\"heading.default\">\n\t\t\t\t\t<h2 class=\"elementor-heading-title elementor-size-default\">Reserva una Consulta 1:1 de Solicitud<\/h2>\t\t\t\t<\/div>\n\t\t\t\t\t<\/div>\n\t\t\t\t<\/div>\n\t\t<div class=\"elementor-element elementor-element-89545d0 e-flex e-con-boxed e-con e-parent\" data-id=\"89545d0\" data-element_type=\"container\">\n\t\t\t\t\t<div class=\"e-con-inner\">\n\t\t\t\t<div class=\"elementor-element elementor-element-b2a8733 elementor-widget elementor-widget-text-editor\" data-id=\"b2a8733\" data-element_type=\"widget\" data-widget_type=\"text-editor.default\">\n\t\t\t\t\t\t\t\t\t<p>Por favor completa el siguiente formulario para solicitar una consulta 1:1 (\u20ac1000).<\/p>\n<p>Este servicio est\u00e1 dise\u00f1ado para estudiantes con formaci\u00f3n m\u00e9dica o relacionada con la salud que planean postularse a programas de maestr\u00eda en Europa.<\/p>\t\t\t\t\t\t\t\t<\/div>\n\t\t\t\t\t<\/div>\n\t\t\t\t<\/div>\n\t\t<div class=\"elementor-element elementor-element-40465c7 e-flex e-con-boxed e-con e-parent\" data-id=\"40465c7\" data-element_type=\"container\">\n\t\t\t\t\t<div class=\"e-con-inner\">\n\t\t\t\t<div class=\"elementor-element elementor-element-d5abcfc elementor-widget elementor-widget-wpforms\" data-id=\"d5abcfc\" data-element_type=\"widget\" data-widget_type=\"wpforms.default\">\n\t\t\t\t<div class=\"elementor-widget-container\">\n\t\t\t\t\t<div class=\"wpforms-container\" id=\"wpforms-2496\"><form id=\"wpforms-form-2496\" class=\"wpforms-validate wpforms-form wpforms-ajax-form\" data-formid=\"2496\" method=\"post\" enctype=\"multipart\/form-data\" action=\"\/es\/wp-json\/wp\/v2\/pages\/397\" data-token=\"f10cac6269ff8a4d3b0cc9b6342beb94\" data-token-time=\"1775817404\" data-trp-original-action=\"\/es\/wp-json\/wp\/v2\/pages\/397\"><noscript class=\"wpforms-error-noscript\">Por favor, activa JavaScript en tu navegador para completar este formulario.<\/noscript><div class=\"wpforms-field-container\"><div id=\"wpforms-2496-field_1-container\" class=\"wpforms-field wpforms-field-text\" data-field-id=\"1\"><label class=\"wpforms-field-label\" for=\"wpforms-2496-field_1\">Nombre Completo<\/label><input type=\"text\" id=\"wpforms-2496-field_1\" class=\"wpforms-field-medium\" name=\"wpforms[fields][1]\" ><\/div><div id=\"wpforms-2496-field_3-container\" class=\"wpforms-field wpforms-field-text\" data-field-id=\"3\"><label class=\"wpforms-field-label\" for=\"wpforms-2496-field_3\">Direcci\u00f3n de Correo Electr\u00f3nico<\/label><input type=\"text\" id=\"wpforms-2496-field_3\" class=\"wpforms-field-medium\" name=\"wpforms[fields][3]\" ><\/div><div id=\"wpforms-2496-field_2-container\" class=\"wpforms-field wpforms-field-textarea\" data-field-id=\"2\"><label class=\"wpforms-field-label\" for=\"wpforms-2496-field_2\">Academic Background<\/label><textarea id=\"wpforms-2496-field_2\" class=\"wpforms-field-medium\" name=\"wpforms[fields][2]\" ><\/textarea><\/div>\t\t<div id=\"wpforms-2496-field_6-container\"\n\t\t\tclass=\"wpforms-field wpforms-field-text\"\n\t\t\tdata-field-type=\"text\"\n\t\t\tdata-field-id=\"6\"\n\t\t\t>\n\t\t\t<label class=\"wpforms-field-label\" for=\"wpforms-2496-field_6\" >Full Target Concerns<\/label>\n\t\t\t<input type=\"text\" id=\"wpforms-2496-field_6\" class=\"wpforms-field-medium\" name=\"wpforms[fields][6]\" >\n\t\t<\/div>\n\t\t<div id=\"wpforms-2496-field_4-container\" class=\"wpforms-field wpforms-field-radio\" data-field-id=\"4\"><label class=\"wpforms-field-label\">\u00c1rea de Programa Objetivo<\/label><ul id=\"wpforms-2496-field_4\"><li class=\"choice-1 depth-1\"><input type=\"radio\" id=\"wpforms-2496-field_4_1\" name=\"wpforms[fields][4]\" value=\"Public Health\"  ><label class=\"wpforms-field-label-inline\" for=\"wpforms-2496-field_4_1\">Salud P\u00fablica<\/label><\/li><li class=\"choice-2 depth-1\"><input type=\"radio\" id=\"wpforms-2496-field_4_2\" name=\"wpforms[fields][4]\" value=\"Health Management\"  ><label class=\"wpforms-field-label-inline\" for=\"wpforms-2496-field_4_2\">Gesti\u00f3n de la Salud<\/label><\/li><li class=\"choice-3 depth-1\"><input type=\"radio\" id=\"wpforms-2496-field_4_3\" name=\"wpforms[fields][4]\" value=\"Digital Health\"  ><label class=\"wpforms-field-label-inline\" for=\"wpforms-2496-field_4_3\">Salud Digital<\/label><\/li><li class=\"choice-6 depth-1\"><input type=\"radio\" id=\"wpforms-2496-field_4_6\" name=\"wpforms[fields][4]\" value=\"Epidemiology\"  ><label class=\"wpforms-field-label-inline\" for=\"wpforms-2496-field_4_6\">Epidemiolog\u00eda<\/label><\/li><li class=\"choice-5 depth-1\"><input type=\"radio\" id=\"wpforms-2496-field_4_5\" name=\"wpforms[fields][4]\" value=\"Global Health\"  ><label class=\"wpforms-field-label-inline\" for=\"wpforms-2496-field_4_5\">Salud Global<\/label><\/li><li class=\"choice-4 depth-1\"><input type=\"radio\" id=\"wpforms-2496-field_4_4\" name=\"wpforms[fields][4]\" value=\"Biomedical Research\"  ><label class=\"wpforms-field-label-inline\" for=\"wpforms-2496-field_4_4\">Investigaci\u00f3n Biom\u00e9dica<\/label><\/li><\/ul><\/div><div id=\"wpforms-2496-field_5-container\" class=\"wpforms-field wpforms-field-textarea\" data-field-id=\"5\"><label class=\"wpforms-field-label\" for=\"wpforms-2496-field_5\">Tus Preguntas o Consultas<\/label><textarea id=\"wpforms-2496-field_5\" class=\"wpforms-field-medium\" name=\"wpforms[fields][5]\" ><\/textarea><\/div><script>\n\t\t\t\t( function() {\n\t\t\t\t\tconst style = document.createElement( 'style' );\n\t\t\t\t\tstyle.appendChild( document.createTextNode( '#wpforms-2496-field_6-container { position: absolute !important; overflow: hidden !important; display: inline !important; height: 1px !important; width: 1px !important; z-index: -1000 !important; padding: 0 !important; } #wpforms-2496-field_6-container input { visibility: hidden; } #wpforms-conversational-form-page #wpforms-2496-field_6-container label { counter-increment: none; }' ) );\n\t\t\t\t\tdocument.head.appendChild( style );\n\t\t\t\t\tdocument.currentScript?.remove();\n\t\t\t\t} )();\n\t\t\t<\/script><\/div><!-- .wpforms-field-container --><div class=\"wpforms-submit-container\" ><input type=\"hidden\" name=\"wpforms[id]\" value=\"2496\"><input type=\"hidden\" name=\"page_title\" value=\"\"><input type=\"hidden\" name=\"page_url\" value=\"https:\/\/fiastudyabroad.com\/es\/wp-json\/wp\/v2\/pages\/397\"><input type=\"hidden\" name=\"url_referer\" value=\"\"><button type=\"submit\" name=\"wpforms[submit]\" id=\"wpforms-submit-2496\" class=\"wpforms-submit\" data-alt-text=\"Sending...\" data-submit-text=\"Submit\" aria-live=\"assertive\" value=\"wpforms-submit\">Enviar<\/button><img decoding=\"async\" src=\"https:\/\/fiastudyabroad.com\/wp-content\/plugins\/wpforms-lite\/assets\/images\/submit-spin.svg\" class=\"wpforms-submit-spinner\" style=\"display: none;\" width=\"26\" height=\"26\" alt=\"Cargando\"><\/div><input type=\"hidden\" name=\"trp-form-language\" value=\"es\"\/><\/form><\/div>  <!-- .wpforms-container -->\t\t\t\t<\/div>\n\t\t\t\t<\/div>\n\t\t\t\t\t<\/div>\n\t\t\t\t<\/div>\n\t\t<div class=\"elementor-element elementor-element-3c7e912 e-flex e-con-boxed e-con e-parent\" data-id=\"3c7e912\" data-element_type=\"container\">\n\t\t\t\t\t<div class=\"e-con-inner\">\n\t\t\t\t<div class=\"elementor-element elementor-element-a1962d7 elementor-widget elementor-widget-heading\" data-id=\"a1962d7\" data-element_type=\"widget\" data-widget_type=\"heading.default\">\n\t\t\t\t\t<h2 class=\"elementor-heading-title elementor-size-default\">Informaci\u00f3n de Contacto<\/h2>\t\t\t\t<\/div>\n\t\t\t\t<div class=\"elementor-element elementor-element-224c82c elementor-widget elementor-widget-text-editor\" data-id=\"224c82c\" data-element_type=\"widget\" data-widget_type=\"text-editor.default\">\n\t\t\t\t\t\t\t\t\t<p>Email: delfiye24@gmail.com<br \/>Instagram: @fia.consulting<br \/>WhatsApp:+34615397159<\/p>\t\t\t\t\t\t\t\t<\/div>\n\t\t\t\t\t<\/div>\n\t\t\t\t<\/div>\n\t\t<div class=\"elementor-element elementor-element-6719f9e e-flex e-con-boxed e-con e-parent\" data-id=\"6719f9e\" data-element_type=\"container\">\n\t\t\t\t\t<div class=\"e-con-inner\">\n\t\t\t\t<div class=\"elementor-element elementor-element-f5cb064 elementor-widget elementor-widget-text-editor\" data-id=\"f5cb064\" data-element_type=\"widget\" data-widget_type=\"text-editor.default\">\n\t\t\t\t\t\t\t\t\t<p><a href=\"https:\/\/fiastudyabroad.com\/es\/privacy-policy-2\/\">Pol\u00edtica de Privacidad<\/a><\/p>\t\t\t\t\t\t\t\t<\/div>\n\t\t\t\t\t<\/div>\n\t\t\t\t<\/div>\n\t\t\t\t<\/div>","protected":false},"excerpt":{"rendered":"<p>Book a 1:1 Application Consultation Please fill out the form below to request a 1:1 application consultation (\u20ac1000). This service is designed for students with medical or health-related backgrounds who plan to apply for Master\u2019s programs in Europe. Please enable JavaScript in your browser to complete this form.Full NameEmail AddressAcademic BackgroundTarget Program Area Public Health [&hellip;]<\/p>","protected":false},"author":0,"featured_media":0,"parent":0,"menu_order":0,"comment_status":"closed","ping_status":"closed","template":"elementor_header_footer","meta":{"_uag_custom_page_level_css":"","site-sidebar-layout":"no-sidebar","site-content-layout":"plain-container","ast-site-content-layout":"full-width-container","site-content-style":"unboxed","site-sidebar-style":"unboxed","ast-global-header-display":"","ast-banner-title-visibility":"","ast-main-header-display":"","ast-hfb-above-header-display":"","ast-hfb-below-header-display":"","ast-hfb-mobile-header-display":"","site-post-title":"","ast-breadcrumbs-content":"","ast-featured-img":"disabled","footer-sml-layout":"","ast-disable-related-posts":"","theme-transparent-header-meta":"default","adv-header-id-meta":"","stick-header-meta":"","header-above-stick-meta":"","header-main-stick-meta":"","header-below-stick-meta":"","astra-migrate-meta-layouts":"set","ast-page-background-enabled":"default","ast-page-background-meta":{"desktop":{"background-color":"","background-image":"","background-repeat":"repeat","background-position":"center center","background-size":"auto","background-attachment":"scroll","background-type":"","background-media":"","overlay-type":"","overlay-color":"","overlay-opacity":"","overlay-gradient":""},"tablet":{"background-color":"","background-image":"","background-repeat":"repeat","background-position":"center center","background-size":"auto","background-attachment":"scroll","background-type":"","background-media":"","overlay-type":"","overlay-color":"","overlay-opacity":"","overlay-gradient":""},"mobile":{"background-color":"","background-image":"","background-repeat":"repeat","background-position":"center center","background-size":"auto","background-attachment":"scroll","background-type":"","background-media":"","overlay-type":"","overlay-color":"","overlay-opacity":"","overlay-gradient":""}},"ast-content-background-meta":{"desktop":{"background-color":"var(--ast-global-color-5)","background-image":"","background-repeat":"repeat","background-position":"center center","background-size":"auto","background-attachment":"scroll","background-type":"","background-media":"","overlay-type":"","overlay-color":"","overlay-opacity":"","overlay-gradient":""},"tablet":{"background-color":"var(--ast-global-color-5)","background-image":"","background-repeat":"repeat","background-position":"center center","background-size":"auto","background-attachment":"scroll","background-type":"","background-media":"","overlay-type":"","overlay-color":"","overlay-opacity":"","overlay-gradient":""},"mobile":{"background-color":"var(--ast-global-color-5)","background-image":"","background-repeat":"repeat","background-position":"center center","background-size":"auto","background-attachment":"scroll","background-type":"","background-media":"","overlay-type":"","overlay-color":"","overlay-opacity":"","overlay-gradient":""}},"footnotes":""},"class_list":["post-397","page","type-page","status-publish","hentry"],"yoast_head":"<!-- This site is optimized with the Yoast SEO plugin v26.5 - https:\/\/yoast.com\/wordpress\/plugins\/seo\/ -->\n<title>Contact - fiastudyabroad.com<\/title>\n<meta name=\"robots\" content=\"index, follow, max-snippet:-1, max-image-preview:large, max-video-preview:-1\" \/>\n<link rel=\"canonical\" href=\"https:\/\/fiastudyabroad.com\/es\/contact\/\" \/>\n<meta property=\"og:locale\" content=\"es_ES\" \/>\n<meta property=\"og:type\" content=\"article\" \/>\n<meta property=\"og:title\" content=\"Contact - fiastudyabroad.com\" \/>\n<meta property=\"og:description\" content=\"Book a 1:1 Application Consultation Please fill out the form below to request a 1:1 application consultation (\u20ac1000). This service is designed for students with medical or health-related backgrounds who plan to apply for Master\u2019s programs in Europe. Please enable JavaScript in your browser to complete this form.Full NameEmail AddressAcademic BackgroundTarget Program Area Public Health [&hellip;]\" \/>\n<meta property=\"og:url\" content=\"https:\/\/fiastudyabroad.com\/es\/contact\/\" \/>\n<meta property=\"og:site_name\" content=\"fiastudyabroad.com\" \/>\n<meta property=\"article:modified_time\" content=\"2025-12-28T11:43:54+00:00\" \/>\n<meta property=\"og:image\" content=\"https:\/\/fiastudyabroad.com\/wp-content\/plugins\/wpforms-lite\/assets\/images\/submit-spin.svg\" \/>\n<meta name=\"twitter:card\" content=\"summary_large_image\" \/>\n<meta name=\"twitter:label1\" content=\"Tiempo de lectura\" \/>\n\t<meta name=\"twitter:data1\" content=\"1 minuto\" \/>\n<script type=\"application\/ld+json\" class=\"yoast-schema-graph\">{\"@context\":\"https:\/\/schema.org\",\"@graph\":[{\"@type\":\"WebPage\",\"@id\":\"https:\/\/fiastudyabroad.com\/contact\/\",\"url\":\"https:\/\/fiastudyabroad.com\/contact\/\",\"name\":\"Contact - fiastudyabroad.com\",\"isPartOf\":{\"@id\":\"https:\/\/fiastudyabroad.com\/#website\"},\"primaryImageOfPage\":{\"@id\":\"https:\/\/fiastudyabroad.com\/contact\/#primaryimage\"},\"image\":{\"@id\":\"https:\/\/fiastudyabroad.com\/contact\/#primaryimage\"},\"thumbnailUrl\":\"https:\/\/fiastudyabroad.com\/wp-content\/plugins\/wpforms-lite\/assets\/images\/submit-spin.svg\",\"datePublished\":\"2025-12-13T11:19:46+00:00\",\"dateModified\":\"2025-12-28T11:43:54+00:00\",\"breadcrumb\":{\"@id\":\"https:\/\/fiastudyabroad.com\/contact\/#breadcrumb\"},\"inLanguage\":\"es\",\"potentialAction\":[{\"@type\":\"ReadAction\",\"target\":[\"https:\/\/fiastudyabroad.com\/contact\/\"]}]},{\"@type\":\"ImageObject\",\"inLanguage\":\"es\",\"@id\":\"https:\/\/fiastudyabroad.com\/contact\/#primaryimage\",\"url\":\"https:\/\/fiastudyabroad.com\/wp-content\/plugins\/wpforms-lite\/assets\/images\/submit-spin.svg\",\"contentUrl\":\"https:\/\/fiastudyabroad.com\/wp-content\/plugins\/wpforms-lite\/assets\/images\/submit-spin.svg\"},{\"@type\":\"BreadcrumbList\",\"@id\":\"https:\/\/fiastudyabroad.com\/contact\/#breadcrumb\",\"itemListElement\":[{\"@type\":\"ListItem\",\"position\":1,\"name\":\"Home\",\"item\":\"https:\/\/fiastudyabroad.com\/\"},{\"@type\":\"ListItem\",\"position\":2,\"name\":\"Contact\"}]},{\"@type\":\"WebSite\",\"@id\":\"https:\/\/fiastudyabroad.com\/#website\",\"url\":\"https:\/\/fiastudyabroad.com\/\",\"name\":\"fiastudyabroad.com\",\"description\":\"\",\"publisher\":{\"@id\":\"https:\/\/fiastudyabroad.com\/#organization\"},\"potentialAction\":[{\"@type\":\"SearchAction\",\"target\":{\"@type\":\"EntryPoint\",\"urlTemplate\":\"https:\/\/fiastudyabroad.com\/?s={search_term_string}\"},\"query-input\":{\"@type\":\"PropertyValueSpecification\",\"valueRequired\":true,\"valueName\":\"search_term_string\"}}],\"inLanguage\":\"es\"},{\"@type\":\"Organization\",\"@id\":\"https:\/\/fiastudyabroad.com\/#organization\",\"name\":\"fiastudyabroad.com\",\"url\":\"https:\/\/fiastudyabroad.com\/\",\"logo\":{\"@type\":\"ImageObject\",\"inLanguage\":\"es\",\"@id\":\"https:\/\/fiastudyabroad.com\/#\/schema\/logo\/image\/\",\"url\":\"https:\/\/fiastudyabroad.com\/wp-content\/uploads\/2025\/12\/cropped-4ba8dbdb-3605-4ea0-a81a-79bf4ae2f888.png\",\"contentUrl\":\"https:\/\/fiastudyabroad.com\/wp-content\/uploads\/2025\/12\/cropped-4ba8dbdb-3605-4ea0-a81a-79bf4ae2f888.png\",\"width\":1053,\"height\":317,\"caption\":\"fiastudyabroad.com\"},\"image\":{\"@id\":\"https:\/\/fiastudyabroad.com\/#\/schema\/logo\/image\/\"}}]}<\/script>\n<!-- \/ Yoast SEO plugin. -->","yoast_head_json":{"title":"Contact - fiastudyabroad.com","robots":{"index":"index","follow":"follow","max-snippet":"max-snippet:-1","max-image-preview":"max-image-preview:large","max-video-preview":"max-video-preview:-1"},"canonical":"https:\/\/fiastudyabroad.com\/es\/contact\/","og_locale":"es_ES","og_type":"article","og_title":"Contact - fiastudyabroad.com","og_description":"Book a 1:1 Application Consultation Please fill out the form below to request a 1:1 application consultation (\u20ac1000). This service is designed for students with medical or health-related backgrounds who plan to apply for Master\u2019s programs in Europe. Please enable JavaScript in your browser to complete this form.Full NameEmail AddressAcademic BackgroundTarget Program Area Public Health [&hellip;]","og_url":"https:\/\/fiastudyabroad.com\/es\/contact\/","og_site_name":"fiastudyabroad.com","article_modified_time":"2025-12-28T11:43:54+00:00","og_image":[{"url":"https:\/\/fiastudyabroad.com\/wp-content\/plugins\/wpforms-lite\/assets\/images\/submit-spin.svg","type":"","width":"","height":""}],"twitter_card":"summary_large_image","twitter_misc":{"Tiempo de lectura":"1 minuto"},"schema":{"@context":"https:\/\/schema.org","@graph":[{"@type":"WebPage","@id":"https:\/\/fiastudyabroad.com\/contact\/","url":"https:\/\/fiastudyabroad.com\/contact\/","name":"Contact - fiastudyabroad.com","isPartOf":{"@id":"https:\/\/fiastudyabroad.com\/#website"},"primaryImageOfPage":{"@id":"https:\/\/fiastudyabroad.com\/contact\/#primaryimage"},"image":{"@id":"https:\/\/fiastudyabroad.com\/contact\/#primaryimage"},"thumbnailUrl":"https:\/\/fiastudyabroad.com\/wp-content\/plugins\/wpforms-lite\/assets\/images\/submit-spin.svg","datePublished":"2025-12-13T11:19:46+00:00","dateModified":"2025-12-28T11:43:54+00:00","breadcrumb":{"@id":"https:\/\/fiastudyabroad.com\/contact\/#breadcrumb"},"inLanguage":"es","potentialAction":[{"@type":"ReadAction","target":["https:\/\/fiastudyabroad.com\/contact\/"]}]},{"@type":"ImageObject","inLanguage":"es","@id":"https:\/\/fiastudyabroad.com\/contact\/#primaryimage","url":"https:\/\/fiastudyabroad.com\/wp-content\/plugins\/wpforms-lite\/assets\/images\/submit-spin.svg","contentUrl":"https:\/\/fiastudyabroad.com\/wp-content\/plugins\/wpforms-lite\/assets\/images\/submit-spin.svg"},{"@type":"BreadcrumbList","@id":"https:\/\/fiastudyabroad.com\/contact\/#breadcrumb","itemListElement":[{"@type":"ListItem","position":1,"name":"Home","item":"https:\/\/fiastudyabroad.com\/"},{"@type":"ListItem","position":2,"name":"Contact"}]},{"@type":"WebSite","@id":"https:\/\/fiastudyabroad.com\/#website","url":"https:\/\/fiastudyabroad.com\/","name":"fiastudyabroad.com","description":"","publisher":{"@id":"https:\/\/fiastudyabroad.com\/#organization"},"potentialAction":[{"@type":"SearchAction","target":{"@type":"EntryPoint","urlTemplate":"https:\/\/fiastudyabroad.com\/?s={search_term_string}"},"query-input":{"@type":"PropertyValueSpecification","valueRequired":true,"valueName":"search_term_string"}}],"inLanguage":"es"},{"@type":"Organization","@id":"https:\/\/fiastudyabroad.com\/#organization","name":"fiastudyabroad.com","url":"https:\/\/fiastudyabroad.com\/","logo":{"@type":"ImageObject","inLanguage":"es","@id":"https:\/\/fiastudyabroad.com\/#\/schema\/logo\/image\/","url":"https:\/\/fiastudyabroad.com\/wp-content\/uploads\/2025\/12\/cropped-4ba8dbdb-3605-4ea0-a81a-79bf4ae2f888.png","contentUrl":"https:\/\/fiastudyabroad.com\/wp-content\/uploads\/2025\/12\/cropped-4ba8dbdb-3605-4ea0-a81a-79bf4ae2f888.png","width":1053,"height":317,"caption":"fiastudyabroad.com"},"image":{"@id":"https:\/\/fiastudyabroad.com\/#\/schema\/logo\/image\/"}}]}},"_hostinger_reach_plugin_has_subscription_block":false,"_hostinger_reach_plugin_is_elementor":false,"uagb_featured_image_src":{"full":false,"thumbnail":false,"medium":false,"medium_large":false,"large":false,"1536x1536":false,"2048x2048":false,"trp-custom-language-flag":false},"uagb_author_info":{"display_name":"","author_link":"https:\/\/fiastudyabroad.com\/es\/author\/"},"uagb_comment_info":0,"uagb_excerpt":"Book a 1:1 Application Consultation Please fill out the form below to request a 1:1 application consultation (\u20ac1000). This service is designed for students with medical or health-related backgrounds who plan to apply for Master\u2019s programs in Europe. Please enable JavaScript in your browser to complete this form.Full NameEmail AddressAcademic BackgroundTarget Program Area Public Health&hellip;","_links":{"self":[{"href":"https:\/\/fiastudyabroad.com\/es\/wp-json\/wp\/v2\/pages\/397","targetHints":{"allow":["GET"]}}],"collection":[{"href":"https:\/\/fiastudyabroad.com\/es\/wp-json\/wp\/v2\/pages"}],"about":[{"href":"https:\/\/fiastudyabroad.com\/es\/wp-json\/wp\/v2\/types\/page"}],"replies":[{"embeddable":true,"href":"https:\/\/fiastudyabroad.com\/es\/wp-json\/wp\/v2\/comments?post=397"}],"version-history":[{"count":8,"href":"https:\/\/fiastudyabroad.com\/es\/wp-json\/wp\/v2\/pages\/397\/revisions"}],"predecessor-version":[{"id":2502,"href":"https:\/\/fiastudyabroad.com\/es\/wp-json\/wp\/v2\/pages\/397\/revisions\/2502"}],"wp:attachment":[{"href":"https:\/\/fiastudyabroad.com\/es\/wp-json\/wp\/v2\/media?parent=397"}],"curies":[{"name":"wp","href":"https:\/\/api.w.org\/{rel}","templated":true}]}}