{"id":2453,"date":"2025-12-27T17:54:26","date_gmt":"2025-12-27T17:54:26","guid":{"rendered":"https:\/\/fiastudyabroad.com\/?page_id=2453"},"modified":"2025-12-28T10:48:51","modified_gmt":"2025-12-28T10:48:51","slug":"privacy-policy-2","status":"publish","type":"page","link":"https:\/\/fiastudyabroad.com\/es\/privacy-policy-2\/","title":{"rendered":"Pol\u00edtica de Privacidad"},"content":{"rendered":"<div data-elementor-type=\"wp-page\" data-elementor-id=\"2453\" class=\"elementor elementor-2453\">\n\t\t\t\t<div class=\"elementor-element elementor-element-63ae80da e-flex e-con-boxed e-con e-parent\" data-id=\"63ae80da\" data-element_type=\"container\">\n\t\t\t\t\t<div class=\"e-con-inner\">\n\t\t\t\t<div class=\"elementor-element elementor-element-260b7381 elementor-widget elementor-widget-text-editor\" data-id=\"260b7381\" data-element_type=\"widget\" data-widget_type=\"text-editor.default\">\n\t\t\t\t\t\t\t\t\t\n<p><strong>1. Identificaci\u00f3n del Responsable del Tratamiento de Datos\nEn cumplimiento con el Reglamento (UE) 2016\/679 del Parlamento Europeo y del Consejo de 27 de abril de 2016 (GDPR), y la Ley Org\u00e1nica 3\/2018 de 5 de diciembre (LOPDGDD), se proporciona la siguiente informaci\u00f3n:<\/strong><br \/>In compliance with the European Parliament and Council Regulation (EU) 2016\/679 of 27 April 2016 (GDPR), and the Organic Law 3\/2018 of 5 December (LOPDGDD), the following information is provided:<\/p>\n\n<ul class=\"wp-block-list\">\n<li class=\"translation-block\">Responsable del Tratamiento de Datos: Dilifeiye Abuduaini<\/li>\n\n<li class=\"translation-block\">Direcci\u00f3n: Calle Menorca 72, Sant Mart\u00ed, 08020, Barcelona, Espa\u00f1a<\/li>\n\n<li class=\"translation-block\">Correo Electr\u00f3nico de Contacto:delfiye24@gmail.com<\/li>\n\n<li><strong>Sitio Web:<\/strong>\u00a0<a href=\"https:\/\/guowell.site\/\">https:\/\/fiastudyabroad.com<\/a><\/li>\n<\/ul>\n<hr class=\"wp-block-separator has-alpha-channel-opacity\" \/>\n<p><strong>2. Finalidad del Tratamiento de Datos<\/strong><br \/>Procesamos los datos personales de los usuarios para los siguientes fines:<\/p>\n\n<ul class=\"wp-block-list\">\n<li>Gestionar las solicitudes enviadas a trav\u00e9s del sitio web.<\/li>\n\n<li>Proporcionar informaci\u00f3n comercial relacionada con los servicios ofrecidos.<\/li>\n\n<li>Cumplir con las obligaciones legales aplicables.<\/li>\n<\/ul>\n<hr class=\"wp-block-separator has-alpha-channel-opacity\" \/>\n<p><strong>3. Base Legal<\/strong><br \/>La base legal para el tratamiento de datos es:<\/p>\n\n<ul class=\"wp-block-list\">\n<li>El consentimiento del usuario, otorgado mediante la aceptaci\u00f3n expl\u00edcita de esta pol\u00edtica de privacidad.<\/li>\n\n<li>Ejecuci\u00f3n de un contrato o medidas precontractuales.<\/li>\n\n<li>Cumplimiento de obligaciones legales.<\/li>\n<\/ul>\n<hr class=\"wp-block-separator has-alpha-channel-opacity\" \/>\n<p class=\"translation-block\">4. Destinatarios\nNo se transferir\u00e1n datos personales a terceros, excepto cuando la ley lo exija o sea necesario para la prestaci\u00f3n del servicio solicitado.<\/p>\n<hr class=\"wp-block-separator has-alpha-channel-opacity\" \/>\n<p><strong>5. Derechos de los Usuarios<\/strong><br \/>Los usuarios pueden ejercer los siguientes derechos:<\/p>\n\n<ul class=\"wp-block-list\">\n<li>Acceso<\/li>\n\n<li>Rectificaci\u00f3n<\/li>\n\n<li>Eliminaci\u00f3n<\/li>\n\n<li>Restricci\u00f3n del tratamiento<\/li>\n\n<li>Portabilidad de datos<\/li>\n\n<li>Oposici\u00f3n<\/li>\n<\/ul>\n\n<p>Para ejercer estos derechos, env\u00eda una solicitud por escrito con copia de tu identificaci\u00f3n a la direcci\u00f3n postal anterior o por correo electr\u00f3nico: delfiye24@gmail.com.<\/p>\n\n<p>Si consideras que tus derechos no han sido atendidos adecuadamente, puedes presentar una queja ante la Agencia Espa\u00f1ola de Protecci\u00f3n de Datos:\u00a0<a href=\"https:\/\/www.aepd.es\/\">www.aepd.es<\/a>.<\/p>\n<hr class=\"wp-block-separator has-alpha-channel-opacity\" \/>\n<p><strong>6. Conservaci\u00f3n de Datos<\/strong><br \/>Los datos personales proporcionados se conservar\u00e1n mientras se mantenga la relaci\u00f3n comercial o mientras sea necesario para cumplir con las obligaciones legales aplicables.<\/p>\n<hr class=\"wp-block-separator has-alpha-channel-opacity\" \/>\n<p><strong>7. Seguridad de Datos<\/strong><br \/>Fiastudyabroad se compromete a adoptar las medidas t\u00e9cnicas y organizativas necesarias para garantizar la seguridad de los datos personales y prevenir el acceso no autorizado, alteraci\u00f3n, p\u00e9rdida o uso indebido.<\/p>\n\n<p>\u00a0<\/p>\n\t\t\t\t\t\t\t\t<\/div>\n\t\t\t\t\t<\/div>\n\t\t\t\t<\/div>\n\t\t\t\t<\/div>","protected":false},"excerpt":{"rendered":"<p>1. Data Controller IdentificationIn compliance with the European Parliament and Council Regulation (EU) 2016\/679 of 27 April 2016 (GDPR), and the Organic Law 3\/2018 of 5 December (LOPDGDD), the following information is provided: 2. Purpose of Data ProcessingWe processes users\u2019 personal data for the following purposes: 3. Legal BasisThe legal basis for data processing is: [&hellip;]<\/p>","protected":false},"author":1,"featured_media":0,"parent":0,"menu_order":0,"comment_status":"closed","ping_status":"closed","template":"","meta":{"_uag_custom_page_level_css":"","site-sidebar-layout":"default","site-content-layout":"","ast-site-content-layout":"default","site-content-style":"default","site-sidebar-style":"default","ast-global-header-display":"","ast-banner-title-visibility":"","ast-main-header-display":"","ast-hfb-above-header-display":"","ast-hfb-below-header-display":"","ast-hfb-mobile-header-display":"","site-post-title":"","ast-breadcrumbs-content":"","ast-featured-img":"","footer-sml-layout":"","ast-disable-related-posts":"","theme-transparent-header-meta":"","adv-header-id-meta":"","stick-header-meta":"","header-above-stick-meta":"","header-main-stick-meta":"","header-below-stick-meta":"","astra-migrate-meta-layouts":"set","ast-page-background-enabled":"default","ast-page-background-meta":{"desktop":{"background-color":"","background-image":"","background-repeat":"repeat","background-position":"center center","background-size":"auto","background-attachment":"scroll","background-type":"","background-media":"","overlay-type":"","overlay-color":"","overlay-opacity":"","overlay-gradient":""},"tablet":{"background-color":"","background-image":"","background-repeat":"repeat","background-position":"center center","background-size":"auto","background-attachment":"scroll","background-type":"","background-media":"","overlay-type":"","overlay-color":"","overlay-opacity":"","overlay-gradient":""},"mobile":{"background-color":"","background-image":"","background-repeat":"repeat","background-position":"center center","background-size":"auto","background-attachment":"scroll","background-type":"","background-media":"","overlay-type":"","overlay-color":"","overlay-opacity":"","overlay-gradient":""}},"ast-content-background-meta":{"desktop":{"background-color":"var(--ast-global-color-5)","background-image":"","background-repeat":"repeat","background-position":"center center","background-size":"auto","background-attachment":"scroll","background-type":"","background-media":"","overlay-type":"","overlay-color":"","overlay-opacity":"","overlay-gradient":""},"tablet":{"background-color":"var(--ast-global-color-5)","background-image":"","background-repeat":"repeat","background-position":"center center","background-size":"auto","background-attachment":"scroll","background-type":"","background-media":"","overlay-type":"","overlay-color":"","overlay-opacity":"","overlay-gradient":""},"mobile":{"background-color":"var(--ast-global-color-5)","background-image":"","background-repeat":"repeat","background-position":"center center","background-size":"auto","background-attachment":"scroll","background-type":"","background-media":"","overlay-type":"","overlay-color":"","overlay-opacity":"","overlay-gradient":""}},"footnotes":""},"class_list":["post-2453","page","type-page","status-publish","hentry"],"yoast_head":"<!-- This site is optimized with the Yoast SEO plugin v26.5 - https:\/\/yoast.com\/wordpress\/plugins\/seo\/ -->\n<title>Privacy Policy - fiastudyabroad.com<\/title>\n<meta name=\"robots\" content=\"index, follow, max-snippet:-1, max-image-preview:large, max-video-preview:-1\" \/>\n<link rel=\"canonical\" href=\"https:\/\/fiastudyabroad.com\/es\/privacy-policy-2\/\" \/>\n<meta property=\"og:locale\" content=\"es_ES\" \/>\n<meta property=\"og:type\" content=\"article\" \/>\n<meta property=\"og:title\" content=\"Privacy Policy - fiastudyabroad.com\" \/>\n<meta property=\"og:description\" content=\"1. Data Controller IdentificationIn compliance with the European Parliament and Council Regulation (EU) 2016\/679 of 27 April 2016 (GDPR), and the Organic Law 3\/2018 of 5 December (LOPDGDD), the following information is provided: 2. Purpose of Data ProcessingWe processes users\u2019 personal data for the following purposes: 3. Legal BasisThe legal basis for data processing is: [&hellip;]\" \/>\n<meta property=\"og:url\" content=\"https:\/\/fiastudyabroad.com\/es\/privacy-policy-2\/\" \/>\n<meta property=\"og:site_name\" content=\"fiastudyabroad.com\" \/>\n<meta property=\"article:modified_time\" content=\"2025-12-28T10:48:51+00:00\" \/>\n<meta name=\"twitter:card\" content=\"summary_large_image\" \/>\n<meta name=\"twitter:label1\" content=\"Tiempo de lectura\" \/>\n\t<meta name=\"twitter:data1\" content=\"2 minutos\" \/>\n<script type=\"application\/ld+json\" class=\"yoast-schema-graph\">{\"@context\":\"https:\/\/schema.org\",\"@graph\":[{\"@type\":\"WebPage\",\"@id\":\"https:\/\/fiastudyabroad.com\/privacy-policy-2\/\",\"url\":\"https:\/\/fiastudyabroad.com\/privacy-policy-2\/\",\"name\":\"Privacy Policy - fiastudyabroad.com\",\"isPartOf\":{\"@id\":\"https:\/\/fiastudyabroad.com\/#website\"},\"datePublished\":\"2025-12-27T17:54:26+00:00\",\"dateModified\":\"2025-12-28T10:48:51+00:00\",\"breadcrumb\":{\"@id\":\"https:\/\/fiastudyabroad.com\/privacy-policy-2\/#breadcrumb\"},\"inLanguage\":\"es\",\"potentialAction\":[{\"@type\":\"ReadAction\",\"target\":[\"https:\/\/fiastudyabroad.com\/privacy-policy-2\/\"]}]},{\"@type\":\"BreadcrumbList\",\"@id\":\"https:\/\/fiastudyabroad.com\/privacy-policy-2\/#breadcrumb\",\"itemListElement\":[{\"@type\":\"ListItem\",\"position\":1,\"name\":\"Home\",\"item\":\"https:\/\/fiastudyabroad.com\/\"},{\"@type\":\"ListItem\",\"position\":2,\"name\":\"Privacy Policy\"}]},{\"@type\":\"WebSite\",\"@id\":\"https:\/\/fiastudyabroad.com\/#website\",\"url\":\"https:\/\/fiastudyabroad.com\/\",\"name\":\"fiastudyabroad.com\",\"description\":\"\",\"publisher\":{\"@id\":\"https:\/\/fiastudyabroad.com\/#organization\"},\"potentialAction\":[{\"@type\":\"SearchAction\",\"target\":{\"@type\":\"EntryPoint\",\"urlTemplate\":\"https:\/\/fiastudyabroad.com\/?s={search_term_string}\"},\"query-input\":{\"@type\":\"PropertyValueSpecification\",\"valueRequired\":true,\"valueName\":\"search_term_string\"}}],\"inLanguage\":\"es\"},{\"@type\":\"Organization\",\"@id\":\"https:\/\/fiastudyabroad.com\/#organization\",\"name\":\"fiastudyabroad.com\",\"url\":\"https:\/\/fiastudyabroad.com\/\",\"logo\":{\"@type\":\"ImageObject\",\"inLanguage\":\"es\",\"@id\":\"https:\/\/fiastudyabroad.com\/#\/schema\/logo\/image\/\",\"url\":\"https:\/\/fiastudyabroad.com\/wp-content\/uploads\/2025\/12\/cropped-4ba8dbdb-3605-4ea0-a81a-79bf4ae2f888.png\",\"contentUrl\":\"https:\/\/fiastudyabroad.com\/wp-content\/uploads\/2025\/12\/cropped-4ba8dbdb-3605-4ea0-a81a-79bf4ae2f888.png\",\"width\":1053,\"height\":317,\"caption\":\"fiastudyabroad.com\"},\"image\":{\"@id\":\"https:\/\/fiastudyabroad.com\/#\/schema\/logo\/image\/\"}}]}<\/script>\n<!-- \/ Yoast SEO plugin. -->","yoast_head_json":{"title":"Privacy Policy - fiastudyabroad.com","robots":{"index":"index","follow":"follow","max-snippet":"max-snippet:-1","max-image-preview":"max-image-preview:large","max-video-preview":"max-video-preview:-1"},"canonical":"https:\/\/fiastudyabroad.com\/es\/privacy-policy-2\/","og_locale":"es_ES","og_type":"article","og_title":"Privacy Policy - fiastudyabroad.com","og_description":"1. Data Controller IdentificationIn compliance with the European Parliament and Council Regulation (EU) 2016\/679 of 27 April 2016 (GDPR), and the Organic Law 3\/2018 of 5 December (LOPDGDD), the following information is provided: 2. Purpose of Data ProcessingWe processes users\u2019 personal data for the following purposes: 3. Legal BasisThe legal basis for data processing is: [&hellip;]","og_url":"https:\/\/fiastudyabroad.com\/es\/privacy-policy-2\/","og_site_name":"fiastudyabroad.com","article_modified_time":"2025-12-28T10:48:51+00:00","twitter_card":"summary_large_image","twitter_misc":{"Tiempo de lectura":"2 minutos"},"schema":{"@context":"https:\/\/schema.org","@graph":[{"@type":"WebPage","@id":"https:\/\/fiastudyabroad.com\/privacy-policy-2\/","url":"https:\/\/fiastudyabroad.com\/privacy-policy-2\/","name":"Privacy Policy - fiastudyabroad.com","isPartOf":{"@id":"https:\/\/fiastudyabroad.com\/#website"},"datePublished":"2025-12-27T17:54:26+00:00","dateModified":"2025-12-28T10:48:51+00:00","breadcrumb":{"@id":"https:\/\/fiastudyabroad.com\/privacy-policy-2\/#breadcrumb"},"inLanguage":"es","potentialAction":[{"@type":"ReadAction","target":["https:\/\/fiastudyabroad.com\/privacy-policy-2\/"]}]},{"@type":"BreadcrumbList","@id":"https:\/\/fiastudyabroad.com\/privacy-policy-2\/#breadcrumb","itemListElement":[{"@type":"ListItem","position":1,"name":"Home","item":"https:\/\/fiastudyabroad.com\/"},{"@type":"ListItem","position":2,"name":"Privacy Policy"}]},{"@type":"WebSite","@id":"https:\/\/fiastudyabroad.com\/#website","url":"https:\/\/fiastudyabroad.com\/","name":"fiastudyabroad.com","description":"","publisher":{"@id":"https:\/\/fiastudyabroad.com\/#organization"},"potentialAction":[{"@type":"SearchAction","target":{"@type":"EntryPoint","urlTemplate":"https:\/\/fiastudyabroad.com\/?s={search_term_string}"},"query-input":{"@type":"PropertyValueSpecification","valueRequired":true,"valueName":"search_term_string"}}],"inLanguage":"es"},{"@type":"Organization","@id":"https:\/\/fiastudyabroad.com\/#organization","name":"fiastudyabroad.com","url":"https:\/\/fiastudyabroad.com\/","logo":{"@type":"ImageObject","inLanguage":"es","@id":"https:\/\/fiastudyabroad.com\/#\/schema\/logo\/image\/","url":"https:\/\/fiastudyabroad.com\/wp-content\/uploads\/2025\/12\/cropped-4ba8dbdb-3605-4ea0-a81a-79bf4ae2f888.png","contentUrl":"https:\/\/fiastudyabroad.com\/wp-content\/uploads\/2025\/12\/cropped-4ba8dbdb-3605-4ea0-a81a-79bf4ae2f888.png","width":1053,"height":317,"caption":"fiastudyabroad.com"},"image":{"@id":"https:\/\/fiastudyabroad.com\/#\/schema\/logo\/image\/"}}]}},"_hostinger_reach_plugin_has_subscription_block":false,"_hostinger_reach_plugin_is_elementor":false,"uagb_featured_image_src":{"full":false,"thumbnail":false,"medium":false,"medium_large":false,"large":false,"1536x1536":false,"2048x2048":false,"trp-custom-language-flag":false},"uagb_author_info":{"display_name":"delfiye24@gmail.com","author_link":"https:\/\/fiastudyabroad.com\/es\/author\/delfiye24gmail-com\/"},"uagb_comment_info":0,"uagb_excerpt":"1. Data Controller IdentificationIn compliance with the European Parliament and Council Regulation (EU) 2016\/679 of 27 April 2016 (GDPR), and the Organic Law 3\/2018 of 5 December (LOPDGDD), the following information is provided: 2. Purpose of Data ProcessingWe processes users\u2019 personal data for the following purposes: 3. Legal BasisThe legal basis for data processing is:&hellip;","_links":{"self":[{"href":"https:\/\/fiastudyabroad.com\/es\/wp-json\/wp\/v2\/pages\/2453","targetHints":{"allow":["GET"]}}],"collection":[{"href":"https:\/\/fiastudyabroad.com\/es\/wp-json\/wp\/v2\/pages"}],"about":[{"href":"https:\/\/fiastudyabroad.com\/es\/wp-json\/wp\/v2\/types\/page"}],"author":[{"embeddable":true,"href":"https:\/\/fiastudyabroad.com\/es\/wp-json\/wp\/v2\/users\/1"}],"replies":[{"embeddable":true,"href":"https:\/\/fiastudyabroad.com\/es\/wp-json\/wp\/v2\/comments?post=2453"}],"version-history":[{"count":9,"href":"https:\/\/fiastudyabroad.com\/es\/wp-json\/wp\/v2\/pages\/2453\/revisions"}],"predecessor-version":[{"id":2490,"href":"https:\/\/fiastudyabroad.com\/es\/wp-json\/wp\/v2\/pages\/2453\/revisions\/2490"}],"wp:attachment":[{"href":"https:\/\/fiastudyabroad.com\/es\/wp-json\/wp\/v2\/media?parent=2453"}],"curies":[{"name":"wp","href":"https:\/\/api.w.org\/{rel}","templated":true}]}}